{"id":24,"date":"2024-11-14T22:21:55","date_gmt":"2024-11-14T22:21:55","guid":{"rendered":"https:\/\/sisalril.gob.do\/transparencia\/?page_id=24"},"modified":"2025-11-12T16:04:57","modified_gmt":"2025-11-12T16:04:57","slug":"portal-de-transparencia","status":"publish","type":"page","link":"https:\/\/www.sisalril.gob.do\/transparencia\/","title":{"rendered":"Portal de Transparencia"},"content":{"rendered":"<div class=\"pdfprnt-buttons pdfprnt-buttons-page pdfprnt-top-right\"><a href=\"https:\/\/www.sisalril.gob.do\/transparencia\/wp-json\/wp\/v2\/pages\/24?print=pdf\" class=\"pdfprnt-button pdfprnt-button-pdf\" target=\"_blank\" ><img decoding=\"async\" src=\"https:\/\/www.sisalril.gob.do\/transparencia\/app\/plugins\/pdf-print\/images\/pdf.png\" alt=\"image_pdf\" title=\"View PDF\" \/><span class=\"pdfprnt-button-title pdfprnt-button-pdf-title\">Ver en PDF<\/span><\/a><a href=\"https:\/\/www.sisalril.gob.do\/transparencia\/wp-json\/wp\/v2\/pages\/24?print=print\" class=\"pdfprnt-button pdfprnt-button-print\" target=\"_blank\" ><img decoding=\"async\" src=\"https:\/\/www.sisalril.gob.do\/transparencia\/app\/plugins\/pdf-print\/images\/print.png\" alt=\"image_print\" title=\"Print Content\" \/><span class=\"pdfprnt-button-title pdfprnt-button-print-title\">Imprimir p\u00e1gina<\/span><\/a><\/div><p>[et_pb_section fb_built=&#8221;1&#8243; _builder_version=&#8221;4.27.4&#8243; _module_preset=&#8221;default&#8221; module_alignment=&#8221;center&#8221; custom_margin=&#8221;0px|0px|0px|0px|false|false&#8221; custom_padding=&#8221;0px|0px|0px|0px|false|false&#8221; global_colors_info=&#8221;{}&#8221; theme_builder_area=&#8221;post_content&#8221;][et_pb_row _builder_version=&#8221;4.27.4&#8243; _module_preset=&#8221;default&#8221; width_tablet=&#8221;&#8221; width_phone=&#8221;100%&#8221; width_last_edited=&#8221;on|phone&#8221; max_width_tablet=&#8221;1140px&#8221; max_width_phone=&#8221;100%&#8221; max_width_last_edited=&#8221;on|phone&#8221; module_alignment=&#8221;center&#8221; custom_margin=&#8221;0px|0px|0px|0px|false|false&#8221; custom_padding=&#8221;0px|0px|0px|0px|false|false&#8221; global_colors_info=&#8221;{}&#8221; theme_builder_area=&#8221;post_content&#8221;][et_pb_column type=&#8221;4_4&#8243; _builder_version=&#8221;4.27.4&#8243; _module_preset=&#8221;default&#8221; custom_padding=&#8221;0px|0px|0px|0px|false|false&#8221; global_colors_info=&#8221;{}&#8221; theme_builder_area=&#8221;post_content&#8221;][et_pb_heading title=&#8221;Bienvenidos al portal de transparencia&#8221; _builder_version=&#8221;4.27.4&#8243; _module_preset=&#8221;default&#8221; title_font=&#8221;Poppins|700|||||||&#8221; title_text_color=&#8221;#003876&#8243; global_colors_info=&#8221;{}&#8221; theme_builder_area=&#8221;post_content&#8221;][\/et_pb_heading][et_pb_text _builder_version=&#8221;4.27.4&#8243; _module_preset=&#8221;default&#8221; text_font=&#8221;Poppins||||||||&#8221; text_text_color=&#8221;#707070&#8243; custom_padding=&#8221;|||0px||&#8221; global_colors_info=&#8221;{}&#8221; theme_builder_area=&#8221;post_content&#8221;]<\/p>\n<p><span style=\"text-align: justify;\">Bienvenidos al portal de Transparencia de la Superintendencia de Salud y Riesgos Laborales, SISALRIL.<\/span><\/p>\n<div class=\"cover\">\n<p style=\"text-align: justify;\">La transparencia es uno de nuestros valores institucionales, el cual expresa el compromiso de nuestras autoridades y empleados de actuar con diafanidad en el desempe\u00f1o de las funciones emanadas de la Ley 87-01, su Normas complementarias y modificaciones.<\/p>\n<p style=\"text-align: justify;\">De conformidad a ese compromiso, y dando cumplimiento a la Ley 200-04 sobre Libre Acceso a la Informaci\u00f3n P\u00fablica y su Reglamento de Aplicaci\u00f3n aprobado mediante Decreto No. 130-05, ponemos a disposici\u00f3n de la ciudadan\u00eda esta secci\u00f3n de rendici\u00f3n de cuentas sobre nuestra gesti\u00f3n institucional.<\/p>\n<p style=\"text-align: justify;\">En ese sentido, los usuarios pueden acceder a las informaciones a trav\u00e9s del men\u00fa de opciones, as\u00ed como al formulario para tramitar sus solicitudes.<\/p>\n<p style=\"text-align: justify;\">Sean bienvenidas y bienvenidos a esta secci\u00f3n.<\/p>\n<\/div>\n<p>[\/et_pb_text][\/et_pb_column][\/et_pb_row][\/et_pb_section]<\/p>\n","protected":false},"excerpt":{"rendered":"<p>Bienvenidos al portal de Transparencia de la Superintendencia de Salud y Riesgos Laborales, SISALRIL. La transparencia es uno de nuestros valores institucionales, el cual expresa el compromiso de nuestras autoridades y empleados de actuar con diafanidad en el desempe\u00f1o de las funciones emanadas de la Ley 87-01, su Normas complementarias y modificaciones. De conformidad a [&hellip;]<\/p>\n","protected":false},"author":9,"featured_media":0,"parent":0,"menu_order":0,"comment_status":"closed","ping_status":"closed","template":"","meta":{"_acf_changed":false,"_et_pb_use_builder":"on","_et_pb_old_content":"","_et_gb_content_width":"","_exactmetrics_skip_tracking":false,"_exactmetrics_sitenote_active":false,"_exactmetrics_sitenote_note":"","_exactmetrics_sitenote_category":0,"footnotes":""},"class_list":["post-24","page","type-page","status-publish","hentry"],"acf":[],"yoast_head":"<!-- This site is optimized with the Yoast SEO Premium plugin v27.3 (Yoast SEO v27.3) - https:\/\/yoast.com\/product\/yoast-seo-premium-wordpress\/ -->\n<title>Portal de Transparencia - Portal de Transparencia - SISALRIL<\/title>\n<meta name=\"robots\" content=\"index, follow, max-snippet:-1, max-image-preview:large, max-video-preview:-1\" \/>\n<link rel=\"canonical\" href=\"https:\/\/www.sisalril.gob.do\/transparencia\/\" \/>\n<meta property=\"og:locale\" content=\"es_MX\" \/>\n<meta property=\"og:type\" content=\"article\" \/>\n<meta property=\"og:title\" content=\"Portal de Transparencia\" \/>\n<meta property=\"og:description\" content=\"Bienvenidos al portal de Transparencia de la Superintendencia de Salud y Riesgos Laborales, SISALRIL. La transparencia es uno de nuestros valores institucionales, el cual expresa el compromiso de nuestras autoridades y empleados de actuar con diafanidad en el desempe\u00f1o de las funciones emanadas de la Ley 87-01, su Normas complementarias y modificaciones. De conformidad a [&hellip;]\" \/>\n<meta property=\"og:site_name\" content=\"Portal de Transparencia - SISALRIL\" \/>\n<meta property=\"article:modified_time\" content=\"2025-11-12T16:04:57+00:00\" \/>\n<meta name=\"twitter:card\" content=\"summary_large_image\" \/>\n<meta name=\"twitter:label1\" content=\"Tiempo de lectura\" \/>\n\t<meta name=\"twitter:data1\" content=\"2 minutos\" \/>\n<script type=\"application\/ld+json\" class=\"yoast-schema-graph\">{\"@context\":\"https:\\\/\\\/schema.org\",\"@graph\":[{\"@type\":\"WebPage\",\"@id\":\"https:\\\/\\\/www.sisalril.gob.do\\\/transparencia\\\/\",\"url\":\"https:\\\/\\\/www.sisalril.gob.do\\\/transparencia\\\/\",\"name\":\"Portal de Transparencia - Portal de Transparencia - SISALRIL\",\"isPartOf\":{\"@id\":\"https:\\\/\\\/www.sisalril.gob.do\\\/transparencia\\\/#website\"},\"datePublished\":\"2024-11-14T22:21:55+00:00\",\"dateModified\":\"2025-11-12T16:04:57+00:00\",\"breadcrumb\":{\"@id\":\"https:\\\/\\\/www.sisalril.gob.do\\\/transparencia\\\/#breadcrumb\"},\"inLanguage\":\"es\",\"potentialAction\":[{\"@type\":\"ReadAction\",\"target\":[\"https:\\\/\\\/www.sisalril.gob.do\\\/transparencia\\\/\"]}]},{\"@type\":\"BreadcrumbList\",\"@id\":\"https:\\\/\\\/www.sisalril.gob.do\\\/transparencia\\\/#breadcrumb\",\"itemListElement\":[{\"@type\":\"ListItem\",\"position\":1,\"name\":\"Inicio\",\"item\":\"https:\\\/\\\/www.sisalril.gob.do\\\/transparencia\\\/\"},{\"@type\":\"ListItem\",\"position\":2,\"name\":\"Portal de Transparencia\"}]},{\"@type\":\"WebSite\",\"@id\":\"https:\\\/\\\/www.sisalril.gob.do\\\/transparencia\\\/#website\",\"url\":\"https:\\\/\\\/www.sisalril.gob.do\\\/transparencia\\\/\",\"name\":\"Portal de Transparencia - SISALRIL\",\"description\":\"\",\"publisher\":{\"@id\":\"https:\\\/\\\/www.sisalril.gob.do\\\/transparencia\\\/#organization\"},\"potentialAction\":[{\"@type\":\"SearchAction\",\"target\":{\"@type\":\"EntryPoint\",\"urlTemplate\":\"https:\\\/\\\/www.sisalril.gob.do\\\/transparencia\\\/?s={search_term_string}\"},\"query-input\":{\"@type\":\"PropertyValueSpecification\",\"valueRequired\":true,\"valueName\":\"search_term_string\"}}],\"inLanguage\":\"es\"},{\"@type\":\"Organization\",\"@id\":\"https:\\\/\\\/www.sisalril.gob.do\\\/transparencia\\\/#organization\",\"name\":\"Portal de Transparencia - SISALRIL\",\"url\":\"https:\\\/\\\/www.sisalril.gob.do\\\/transparencia\\\/\",\"logo\":{\"@type\":\"ImageObject\",\"inLanguage\":\"es\",\"@id\":\"https:\\\/\\\/www.sisalril.gob.do\\\/transparencia\\\/#\\\/schema\\\/logo\\\/image\\\/\",\"url\":\"https:\\\/\\\/www.sisalril.gob.do\\\/transparencia\\\/app\\\/uploads\\\/2024\\\/11\\\/Logo_Sisalril_500x110_portal_transparencia.png\",\"contentUrl\":\"https:\\\/\\\/www.sisalril.gob.do\\\/transparencia\\\/app\\\/uploads\\\/2024\\\/11\\\/Logo_Sisalril_500x110_portal_transparencia.png\",\"width\":350,\"height\":77,\"caption\":\"Portal de Transparencia - SISALRIL\"},\"image\":{\"@id\":\"https:\\\/\\\/www.sisalril.gob.do\\\/transparencia\\\/#\\\/schema\\\/logo\\\/image\\\/\"}}]}<\/script>\n<!-- \/ Yoast SEO Premium plugin. -->","yoast_head_json":{"title":"Portal de Transparencia - Portal de Transparencia - SISALRIL","robots":{"index":"index","follow":"follow","max-snippet":"max-snippet:-1","max-image-preview":"max-image-preview:large","max-video-preview":"max-video-preview:-1"},"canonical":"https:\/\/www.sisalril.gob.do\/transparencia\/","og_locale":"es_MX","og_type":"article","og_title":"Portal de Transparencia","og_description":"Bienvenidos al portal de Transparencia de la Superintendencia de Salud y Riesgos Laborales, SISALRIL. La transparencia es uno de nuestros valores institucionales, el cual expresa el compromiso de nuestras autoridades y empleados de actuar con diafanidad en el desempe\u00f1o de las funciones emanadas de la Ley 87-01, su Normas complementarias y modificaciones. De conformidad a [&hellip;]","og_site_name":"Portal de Transparencia - SISALRIL","article_modified_time":"2025-11-12T16:04:57+00:00","twitter_card":"summary_large_image","twitter_misc":{"Tiempo de lectura":"2 minutos"},"schema":{"@context":"https:\/\/schema.org","@graph":[{"@type":"WebPage","@id":"https:\/\/www.sisalril.gob.do\/transparencia\/","url":"https:\/\/www.sisalril.gob.do\/transparencia\/","name":"Portal de Transparencia - Portal de Transparencia - SISALRIL","isPartOf":{"@id":"https:\/\/www.sisalril.gob.do\/transparencia\/#website"},"datePublished":"2024-11-14T22:21:55+00:00","dateModified":"2025-11-12T16:04:57+00:00","breadcrumb":{"@id":"https:\/\/www.sisalril.gob.do\/transparencia\/#breadcrumb"},"inLanguage":"es","potentialAction":[{"@type":"ReadAction","target":["https:\/\/www.sisalril.gob.do\/transparencia\/"]}]},{"@type":"BreadcrumbList","@id":"https:\/\/www.sisalril.gob.do\/transparencia\/#breadcrumb","itemListElement":[{"@type":"ListItem","position":1,"name":"Inicio","item":"https:\/\/www.sisalril.gob.do\/transparencia\/"},{"@type":"ListItem","position":2,"name":"Portal de Transparencia"}]},{"@type":"WebSite","@id":"https:\/\/www.sisalril.gob.do\/transparencia\/#website","url":"https:\/\/www.sisalril.gob.do\/transparencia\/","name":"Portal de Transparencia - SISALRIL","description":"","publisher":{"@id":"https:\/\/www.sisalril.gob.do\/transparencia\/#organization"},"potentialAction":[{"@type":"SearchAction","target":{"@type":"EntryPoint","urlTemplate":"https:\/\/www.sisalril.gob.do\/transparencia\/?s={search_term_string}"},"query-input":{"@type":"PropertyValueSpecification","valueRequired":true,"valueName":"search_term_string"}}],"inLanguage":"es"},{"@type":"Organization","@id":"https:\/\/www.sisalril.gob.do\/transparencia\/#organization","name":"Portal de Transparencia - SISALRIL","url":"https:\/\/www.sisalril.gob.do\/transparencia\/","logo":{"@type":"ImageObject","inLanguage":"es","@id":"https:\/\/www.sisalril.gob.do\/transparencia\/#\/schema\/logo\/image\/","url":"https:\/\/www.sisalril.gob.do\/transparencia\/app\/uploads\/2024\/11\/Logo_Sisalril_500x110_portal_transparencia.png","contentUrl":"https:\/\/www.sisalril.gob.do\/transparencia\/app\/uploads\/2024\/11\/Logo_Sisalril_500x110_portal_transparencia.png","width":350,"height":77,"caption":"Portal de Transparencia - SISALRIL"},"image":{"@id":"https:\/\/www.sisalril.gob.do\/transparencia\/#\/schema\/logo\/image\/"}}]}},"_links":{"self":[{"href":"https:\/\/www.sisalril.gob.do\/transparencia\/wp-json\/wp\/v2\/pages\/24","targetHints":{"allow":["GET"]}}],"collection":[{"href":"https:\/\/www.sisalril.gob.do\/transparencia\/wp-json\/wp\/v2\/pages"}],"about":[{"href":"https:\/\/www.sisalril.gob.do\/transparencia\/wp-json\/wp\/v2\/types\/page"}],"author":[{"embeddable":true,"href":"https:\/\/www.sisalril.gob.do\/transparencia\/wp-json\/wp\/v2\/users\/9"}],"replies":[{"embeddable":true,"href":"https:\/\/www.sisalril.gob.do\/transparencia\/wp-json\/wp\/v2\/comments?post=24"}],"version-history":[{"count":15,"href":"https:\/\/www.sisalril.gob.do\/transparencia\/wp-json\/wp\/v2\/pages\/24\/revisions"}],"predecessor-version":[{"id":987534851,"href":"https:\/\/www.sisalril.gob.do\/transparencia\/wp-json\/wp\/v2\/pages\/24\/revisions\/987534851"}],"wp:attachment":[{"href":"https:\/\/www.sisalril.gob.do\/transparencia\/wp-json\/wp\/v2\/media?parent=24"}],"curies":[{"name":"wp","href":"https:\/\/api.w.org\/{rel}","templated":true}]}}