{"id":987534649,"date":"2025-03-17T06:57:42","date_gmt":"2025-03-17T06:57:42","guid":{"rendered":"https:\/\/sisalril.gob.do\/transparencia\/?page_id=987534649"},"modified":"2025-03-17T07:01:42","modified_gmt":"2025-03-17T07:01:42","slug":"terminos-y-condiciones-de-uso","status":"publish","type":"page","link":"https:\/\/www.sisalril.gob.do\/transparencia\/terminos-y-condiciones-de-uso\/","title":{"rendered":"T\u00e9rminos y Condiciones de Uso"},"content":{"rendered":"<div class=\"pdfprnt-buttons pdfprnt-buttons-page pdfprnt-top-right\"><a href=\"https:\/\/www.sisalril.gob.do\/transparencia\/wp-json\/wp\/v2\/pages\/987534649?print=pdf\" class=\"pdfprnt-button pdfprnt-button-pdf\" target=\"_blank\" ><img decoding=\"async\" src=\"https:\/\/www.sisalril.gob.do\/transparencia\/app\/plugins\/pdf-print\/images\/pdf.png\" alt=\"image_pdf\" title=\"View PDF\" \/><span class=\"pdfprnt-button-title pdfprnt-button-pdf-title\">Ver en PDF<\/span><\/a><a href=\"https:\/\/www.sisalril.gob.do\/transparencia\/wp-json\/wp\/v2\/pages\/987534649?print=print\" class=\"pdfprnt-button pdfprnt-button-print\" target=\"_blank\" ><img decoding=\"async\" src=\"https:\/\/www.sisalril.gob.do\/transparencia\/app\/plugins\/pdf-print\/images\/print.png\" alt=\"image_print\" title=\"Print Content\" \/><span class=\"pdfprnt-button-title pdfprnt-button-print-title\">Imprimir p\u00e1gina<\/span><\/a><\/div><p>[et_pb_section fb_built=&#8221;1&#8243; theme_builder_area=&#8221;post_content&#8221; _builder_version=&#8221;4.27.4&#8243; _module_preset=&#8221;default&#8221;][et_pb_row _builder_version=&#8221;4.27.4&#8243; _module_preset=&#8221;default&#8221; theme_builder_area=&#8221;post_content&#8221;][et_pb_column _builder_version=&#8221;4.27.4&#8243; _module_preset=&#8221;default&#8221; type=&#8221;4_4&#8243; theme_builder_area=&#8221;post_content&#8221;][et_pb_heading title=&#8221;T\u00e9rminos y Condiciones de Uso&#8221; _builder_version=&#8221;4.27.4&#8243; _module_preset=&#8221;default&#8221; theme_builder_area=&#8221;post_content&#8221; hover_enabled=&#8221;0&#8243; sticky_enabled=&#8221;0&#8243;][\/et_pb_heading][et_pb_text _builder_version=&#8221;4.27.4&#8243; _module_preset=&#8221;default&#8221; theme_builder_area=&#8221;post_content&#8221; text_font=&#8221;Poppins||||||||&#8221; hover_enabled=&#8221;0&#8243; sticky_enabled=&#8221;0&#8243;]<\/p>\n<ol>\n<li style=\"text-align: justify;\"><strong>T\u00e9rminos de Uso y su aceptaci\u00f3n<\/strong><\/li>\n<\/ol>\n<p style=\"text-align: justify;\">Los presentes T\u00e9rminos de Uso (en adelante, los \u00abT\u00e9rminos de Uso\u00bb) y Pol\u00edticas regulan el uso de los servicios del portal de internet\u00a0<a href=\"https:\/\/sisalril.gob.do\/\">www.sisalril.gob.do<\/a>\u00a0(en adelante, el \u00abPortal\u00bb) de la Superintendencia de Salud y Riesgos Laborales (en adelante, la \u00abSISALRIL\u00bb), instituci\u00f3n aut\u00f3noma del Estado, creada en virtud de la Ley N.<sup>o<\/sup> 87-01, de fecha 9 de mayo del a\u00f1o 2001, que cre\u00f3 el Sistema Dominicano de Seguridad Social (SDSS), con su domicilio y oficinas principales en la avenida 27 de Febrero N.<sup>o<\/sup> 261, Edificio SISALRIL, ensanche Piantini, en esta ciudad de Santo Domingo de Guzm\u00e1n, Distrito Nacional, capital de la Rep\u00fablica Dominicana.<\/p>\n<p style=\"text-align: justify;\">La utilizaci\u00f3n del Portal atribuye la condici\u00f3n de usuario del Portal (en adelante, el \u00abUsuario\u00bb) e implica la aceptaci\u00f3n plena y sin reservas de todas y cada una de las disposiciones incluidas en los T\u00e9rminos de Uso y las Pol\u00edticas en la versi\u00f3n publicada por la SISALRIL en el momento en que el Usuario acceda al Portal.<\/p>\n<p style=\"text-align: justify;\">En consecuencia, el Usuario debe leer atentamente el presente escrito en cada una de las ocasiones en que se proponga utilizar el Portal, ya que este puede sufrir modificaciones. En caso de que el Usuario no lea este documento cada vez que acceda al Portal, este reconoce y acepta como buena, v\u00e1lida y obligatoria cualquier modificaci\u00f3n posterior del mismo.<\/p>\n<ol start=\"2\" style=\"text-align: justify;\">\n<li><strong>Objeto<\/strong><\/li>\n<\/ol>\n<p style=\"text-align: justify;\">A trav\u00e9s del Portal, la SISALRIL facilita a los Usuarios el acceso y la utilizaci\u00f3n de diversos servicios y contenidos (en adelante, los \u00abServicios\u00bb) puestos a disposici\u00f3n por la SISALRIL o por terceros.<\/p>\n<ol start=\"3\" style=\"text-align: justify;\">\n<li><strong>Condiciones de acceso y utilizaci\u00f3n del portal<\/strong><\/li>\n<\/ol>\n<p style=\"text-align: justify;\">3.1. Car\u00e1cter gratuito del acceso y utilizaci\u00f3n del Portal<\/p>\n<p style=\"text-align: justify;\">La prestaci\u00f3n de los Servicios por parte de la SISALRIL, tiene car\u00e1cter gratuito para los Usuarios. No obstante, algunos de los Servicios suministrados por la SISALRIL a trav\u00e9s del Portal podr\u00edan estar sujetos al pago de un precio en la forma que se determine en las correspondientes condiciones particulares.<\/p>\n<p style=\"text-align: justify;\"><strong>3.2. Registro de Usuario<\/strong><\/p>\n<p style=\"text-align: justify;\">Con car\u00e1cter general, la SISALRIL condiciona la utilizaci\u00f3n de los Servicios al previo cumplimiento del correspondiente registro de Usuario. El citado registro se efectuar\u00e1 en la forma expresamente indicada en el propio servicio o en las condiciones particulares que regulen el servicio. No obstante, la prestaci\u00f3n de algunos de los Servicios no exige la previa suscripci\u00f3n o registro de los Usuarios.<\/p>\n<p style=\"text-align: justify;\"><strong>3.3. Veracidad de la informaci\u00f3n<\/strong><\/p>\n<p style=\"text-align: justify;\">Toda la informaci\u00f3n que facilite el Usuario a trav\u00e9s de los Servicios deber\u00e1 ser veraz. A estos efectos, el Usuario se compromete a garantizar la autenticidad de todos aquellos datos que comunique como consecuencia del cumplimiento de los formularios necesarios para la suscripci\u00f3n de los Servicios.<\/p>\n<p style=\"text-align: justify;\">De igual forma, ser\u00e1 responsabilidad del Usuario mantener toda la informaci\u00f3n facilitada a la SISALRIL permanentemente actualizada de forma que responda, en cada momento, a la situaci\u00f3n real del Usuario.<\/p>\n<p style=\"text-align: justify;\">En todo caso el Usuario ser\u00e1 el \u00fanico responsable de las informaciones falsas o inexactas que suministre y de los perjuicios que cause a la SISALRIL o a terceros.<\/p>\n<ol start=\"4\" style=\"text-align: justify;\">\n<li><strong>Protecci\u00f3n de datos personales<\/strong><\/li>\n<\/ol>\n<p style=\"text-align: justify;\">Para utilizar algunos de los Servicios, los Usuarios deben proporcionar previamente a la SISALRIL ciertos datos de car\u00e1cter personal (en adelante, los \u00abDatos Personales\u00bb).<\/p>\n<p style=\"text-align: justify;\">La\u00a0<strong>SISALRIL<\/strong>\u00a0automatizar\u00e1 los Datos Personales con las finalidades y las condiciones definidas en su Pol\u00edtica de Privacidad. La SISALRIL no controla ni garantiza la ausencia de virus ni de otros elementos en los servicios prestados por terceros a trav\u00e9s del Portal que puedan producir alteraciones en su sistema inform\u00e1tico (<em>software<\/em> y <em>hardware<\/em>) o en los documentos electr\u00f3nicos y ficheros almacenados en su sistema inform\u00e1tico.<\/p>\n<p style=\"text-align: justify;\">La\u00a0<strong>SISALRIL<\/strong>\u00a0ha adoptado los niveles de seguridad de protecci\u00f3n de los datos personales requeridos por la legislaci\u00f3n vigente y procura instalar otros medios y medidas t\u00e9cnicas de protecci\u00f3n adicionales. No obstante, el Usuario debe ser consciente de que las medidas de seguridad en la internet no son inexpugnables.<\/p>\n<p style=\"text-align: justify;\">La\u00a0<strong>SISALRIL<\/strong>\u00a0puede utilizar <em>cookies<\/em> cuando un Usuario navega por los sitios y p\u00e1ginas <em>web<\/em> del Portal. Las <em>cookies<\/em> que se puedan utilizar en los sitios y p\u00e1ginas <em>web<\/em> del Portal se asocian \u00fanicamente con el navegador de un ordenador determinado (un usuario an\u00f3nimo), y no proporcionan por s\u00ed mismas el nombre y apellidos del usuario.<\/p>\n<p style=\"text-align: justify;\">Gracias a las <em>cookies<\/em>, resulta posible que la SISALRIL reconozca los navegadores de los Usuarios registrados \u2014despu\u00e9s de que estos se hayan registrado por primera vez\u2014 sin que tengan que registrarse en cada visita para acceder a las \u00e1reas y servicios reservados exclusivamente a ellos.<\/p>\n<p style=\"text-align: justify;\">Las <em>cookies<\/em> utilizadas no pueden leer los archivos <em>cookies <\/em>creados por otros proveedores. El Usuario tiene la posibilidad de configurar su navegador para ser avisado en pantalla de la recepci\u00f3n de <em>cookies<\/em> y para impedir la instalaci\u00f3n de las mismas en su disco duro. Por favor, consulte las instrucciones y manuales de su navegador para ampliar esta informaci\u00f3n.<\/p>\n<p style=\"text-align: justify;\">Para utilizar el Portal no resulta necesario que el Usuario permita la instalaci\u00f3n de las <em>cookies<\/em> enviadas por la SISALRIL, sin perjuicio de que, en tal caso, ser\u00e1 necesario que el Usuario se registre cada vez que acceda a un servicio que requiera el registro previo.<\/p>\n<p style=\"text-align: justify;\"><span>\u00a0<\/span><\/p>\n<p>[\/et_pb_text][\/et_pb_column][\/et_pb_row][\/et_pb_section]<\/p>\n","protected":false},"excerpt":{"rendered":"<p>T\u00e9rminos de Uso y su aceptaci\u00f3n Los presentes T\u00e9rminos de Uso (en adelante, los \u00abT\u00e9rminos de Uso\u00bb) y Pol\u00edticas regulan el uso de los servicios del portal de internet\u00a0www.sisalril.gob.do\u00a0(en adelante, el \u00abPortal\u00bb) de la Superintendencia de Salud y Riesgos Laborales (en adelante, la \u00abSISALRIL\u00bb), instituci\u00f3n aut\u00f3noma del Estado, creada en virtud de la Ley N.o [&hellip;]<\/p>\n","protected":false},"author":5,"featured_media":0,"parent":0,"menu_order":0,"comment_status":"closed","ping_status":"closed","template":"","meta":{"_acf_changed":false,"_et_pb_use_builder":"on","_et_pb_old_content":"","_et_gb_content_width":"","_exactmetrics_skip_tracking":false,"_exactmetrics_sitenote_active":false,"_exactmetrics_sitenote_note":"","_exactmetrics_sitenote_category":0,"footnotes":""},"class_list":["post-987534649","page","type-page","status-publish","hentry"],"acf":[],"yoast_head":"<!-- This site is optimized with the Yoast SEO Premium plugin v27.2 (Yoast SEO v27.2) - https:\/\/yoast.com\/product\/yoast-seo-premium-wordpress\/ -->\n<title>T\u00e9rminos y Condiciones de Uso - Portal de Transparencia - SISALRIL<\/title>\n<meta name=\"robots\" content=\"index, follow, max-snippet:-1, max-image-preview:large, max-video-preview:-1\" \/>\n<link rel=\"canonical\" href=\"https:\/\/www.sisalril.gob.do\/transparencia\/terminos-y-condiciones-de-uso\/\" \/>\n<meta property=\"og:locale\" content=\"es_MX\" \/>\n<meta property=\"og:type\" content=\"article\" \/>\n<meta property=\"og:title\" content=\"T\u00e9rminos y Condiciones de Uso\" \/>\n<meta property=\"og:description\" content=\"T\u00e9rminos de Uso y su aceptaci\u00f3n Los presentes T\u00e9rminos de Uso (en adelante, los \u00abT\u00e9rminos de Uso\u00bb) y Pol\u00edticas regulan el uso de los servicios del portal de internet\u00a0www.sisalril.gob.do\u00a0(en adelante, el \u00abPortal\u00bb) de la Superintendencia de Salud y Riesgos Laborales (en adelante, la \u00abSISALRIL\u00bb), instituci\u00f3n aut\u00f3noma del Estado, creada en virtud de la Ley N.o [&hellip;]\" \/>\n<meta property=\"og:site_name\" content=\"Portal de Transparencia - SISALRIL\" \/>\n<meta property=\"article:modified_time\" content=\"2025-03-17T07:01:42+00:00\" \/>\n<meta name=\"twitter:card\" content=\"summary_large_image\" \/>\n<script type=\"application\/ld+json\" class=\"yoast-schema-graph\">{\"@context\":\"https:\/\/schema.org\",\"@graph\":[{\"@type\":\"WebPage\",\"@id\":\"https:\/\/www.sisalril.gob.do\/transparencia\/terminos-y-condiciones-de-uso\/\",\"url\":\"https:\/\/www.sisalril.gob.do\/transparencia\/terminos-y-condiciones-de-uso\/\",\"name\":\"T\u00e9rminos y Condiciones de Uso - Portal de Transparencia - SISALRIL\",\"isPartOf\":{\"@id\":\"https:\/\/www.sisalril.gob.do\/transparencia\/#website\"},\"datePublished\":\"2025-03-17T06:57:42+00:00\",\"dateModified\":\"2025-03-17T07:01:42+00:00\",\"breadcrumb\":{\"@id\":\"https:\/\/www.sisalril.gob.do\/transparencia\/terminos-y-condiciones-de-uso\/#breadcrumb\"},\"inLanguage\":\"es\",\"potentialAction\":[{\"@type\":\"ReadAction\",\"target\":[\"https:\/\/www.sisalril.gob.do\/transparencia\/terminos-y-condiciones-de-uso\/\"]}]},{\"@type\":\"BreadcrumbList\",\"@id\":\"https:\/\/www.sisalril.gob.do\/transparencia\/terminos-y-condiciones-de-uso\/#breadcrumb\",\"itemListElement\":[{\"@type\":\"ListItem\",\"position\":1,\"name\":\"Inicio\",\"item\":\"https:\/\/www.sisalril.gob.do\/transparencia\/\"},{\"@type\":\"ListItem\",\"position\":2,\"name\":\"T\u00e9rminos y Condiciones de Uso\"}]},{\"@type\":\"WebSite\",\"@id\":\"https:\/\/www.sisalril.gob.do\/transparencia\/#website\",\"url\":\"https:\/\/www.sisalril.gob.do\/transparencia\/\",\"name\":\"Portal de Transparencia - SISALRIL\",\"description\":\"\",\"publisher\":{\"@id\":\"https:\/\/www.sisalril.gob.do\/transparencia\/#organization\"},\"potentialAction\":[{\"@type\":\"SearchAction\",\"target\":{\"@type\":\"EntryPoint\",\"urlTemplate\":\"https:\/\/www.sisalril.gob.do\/transparencia\/?s={search_term_string}\"},\"query-input\":{\"@type\":\"PropertyValueSpecification\",\"valueRequired\":true,\"valueName\":\"search_term_string\"}}],\"inLanguage\":\"es\"},{\"@type\":\"Organization\",\"@id\":\"https:\/\/www.sisalril.gob.do\/transparencia\/#organization\",\"name\":\"Portal de Transparencia - SISALRIL\",\"url\":\"https:\/\/www.sisalril.gob.do\/transparencia\/\",\"logo\":{\"@type\":\"ImageObject\",\"inLanguage\":\"es\",\"@id\":\"https:\/\/www.sisalril.gob.do\/transparencia\/#\/schema\/logo\/image\/\",\"url\":\"https:\/\/www.sisalril.gob.do\/transparencia\/app\/uploads\/2024\/11\/Logo_Sisalril_500x110_portal_transparencia.png\",\"contentUrl\":\"https:\/\/www.sisalril.gob.do\/transparencia\/app\/uploads\/2024\/11\/Logo_Sisalril_500x110_portal_transparencia.png\",\"width\":350,\"height\":77,\"caption\":\"Portal de Transparencia - SISALRIL\"},\"image\":{\"@id\":\"https:\/\/www.sisalril.gob.do\/transparencia\/#\/schema\/logo\/image\/\"}}]}<\/script>\n<!-- \/ Yoast SEO Premium plugin. -->","yoast_head_json":{"title":"T\u00e9rminos y Condiciones de Uso - Portal de Transparencia - SISALRIL","robots":{"index":"index","follow":"follow","max-snippet":"max-snippet:-1","max-image-preview":"max-image-preview:large","max-video-preview":"max-video-preview:-1"},"canonical":"https:\/\/www.sisalril.gob.do\/transparencia\/terminos-y-condiciones-de-uso\/","og_locale":"es_MX","og_type":"article","og_title":"T\u00e9rminos y Condiciones de Uso","og_description":"T\u00e9rminos de Uso y su aceptaci\u00f3n Los presentes T\u00e9rminos de Uso (en adelante, los \u00abT\u00e9rminos de Uso\u00bb) y Pol\u00edticas regulan el uso de los servicios del portal de internet\u00a0www.sisalril.gob.do\u00a0(en adelante, el \u00abPortal\u00bb) de la Superintendencia de Salud y Riesgos Laborales (en adelante, la \u00abSISALRIL\u00bb), instituci\u00f3n aut\u00f3noma del Estado, creada en virtud de la Ley N.o [&hellip;]","og_site_name":"Portal de Transparencia - SISALRIL","article_modified_time":"2025-03-17T07:01:42+00:00","twitter_card":"summary_large_image","schema":{"@context":"https:\/\/schema.org","@graph":[{"@type":"WebPage","@id":"https:\/\/www.sisalril.gob.do\/transparencia\/terminos-y-condiciones-de-uso\/","url":"https:\/\/www.sisalril.gob.do\/transparencia\/terminos-y-condiciones-de-uso\/","name":"T\u00e9rminos y Condiciones de Uso - Portal de Transparencia - SISALRIL","isPartOf":{"@id":"https:\/\/www.sisalril.gob.do\/transparencia\/#website"},"datePublished":"2025-03-17T06:57:42+00:00","dateModified":"2025-03-17T07:01:42+00:00","breadcrumb":{"@id":"https:\/\/www.sisalril.gob.do\/transparencia\/terminos-y-condiciones-de-uso\/#breadcrumb"},"inLanguage":"es","potentialAction":[{"@type":"ReadAction","target":["https:\/\/www.sisalril.gob.do\/transparencia\/terminos-y-condiciones-de-uso\/"]}]},{"@type":"BreadcrumbList","@id":"https:\/\/www.sisalril.gob.do\/transparencia\/terminos-y-condiciones-de-uso\/#breadcrumb","itemListElement":[{"@type":"ListItem","position":1,"name":"Inicio","item":"https:\/\/www.sisalril.gob.do\/transparencia\/"},{"@type":"ListItem","position":2,"name":"T\u00e9rminos y Condiciones de Uso"}]},{"@type":"WebSite","@id":"https:\/\/www.sisalril.gob.do\/transparencia\/#website","url":"https:\/\/www.sisalril.gob.do\/transparencia\/","name":"Portal de Transparencia - SISALRIL","description":"","publisher":{"@id":"https:\/\/www.sisalril.gob.do\/transparencia\/#organization"},"potentialAction":[{"@type":"SearchAction","target":{"@type":"EntryPoint","urlTemplate":"https:\/\/www.sisalril.gob.do\/transparencia\/?s={search_term_string}"},"query-input":{"@type":"PropertyValueSpecification","valueRequired":true,"valueName":"search_term_string"}}],"inLanguage":"es"},{"@type":"Organization","@id":"https:\/\/www.sisalril.gob.do\/transparencia\/#organization","name":"Portal de Transparencia - SISALRIL","url":"https:\/\/www.sisalril.gob.do\/transparencia\/","logo":{"@type":"ImageObject","inLanguage":"es","@id":"https:\/\/www.sisalril.gob.do\/transparencia\/#\/schema\/logo\/image\/","url":"https:\/\/www.sisalril.gob.do\/transparencia\/app\/uploads\/2024\/11\/Logo_Sisalril_500x110_portal_transparencia.png","contentUrl":"https:\/\/www.sisalril.gob.do\/transparencia\/app\/uploads\/2024\/11\/Logo_Sisalril_500x110_portal_transparencia.png","width":350,"height":77,"caption":"Portal de Transparencia - SISALRIL"},"image":{"@id":"https:\/\/www.sisalril.gob.do\/transparencia\/#\/schema\/logo\/image\/"}}]}},"_links":{"self":[{"href":"https:\/\/www.sisalril.gob.do\/transparencia\/wp-json\/wp\/v2\/pages\/987534649","targetHints":{"allow":["GET"]}}],"collection":[{"href":"https:\/\/www.sisalril.gob.do\/transparencia\/wp-json\/wp\/v2\/pages"}],"about":[{"href":"https:\/\/www.sisalril.gob.do\/transparencia\/wp-json\/wp\/v2\/types\/page"}],"author":[{"embeddable":true,"href":"https:\/\/www.sisalril.gob.do\/transparencia\/wp-json\/wp\/v2\/users\/5"}],"replies":[{"embeddable":true,"href":"https:\/\/www.sisalril.gob.do\/transparencia\/wp-json\/wp\/v2\/comments?post=987534649"}],"version-history":[{"count":4,"href":"https:\/\/www.sisalril.gob.do\/transparencia\/wp-json\/wp\/v2\/pages\/987534649\/revisions"}],"predecessor-version":[{"id":987534653,"href":"https:\/\/www.sisalril.gob.do\/transparencia\/wp-json\/wp\/v2\/pages\/987534649\/revisions\/987534653"}],"wp:attachment":[{"href":"https:\/\/www.sisalril.gob.do\/transparencia\/wp-json\/wp\/v2\/media?parent=987534649"}],"curies":[{"name":"wp","href":"https:\/\/api.w.org\/{rel}","templated":true}]}}